{"id":11,"date":"2026-02-13T13:17:28","date_gmt":"2026-02-13T13:17:28","guid":{"rendered":"http:\/\/www.samurayhastabakicilik.com\/?page_id=11"},"modified":"2026-03-10T15:16:03","modified_gmt":"2026-03-10T15:16:03","slug":"ankara-refakatci-hizmeti","status":"publish","type":"page","link":"http:\/\/www.samurayhastabakicilik.com\/index.php\/ankara-refakatci-hizmeti\/","title":{"rendered":"Refakat\u00e7\u0131 hizmetleri"},"content":{"rendered":"\n<h1 class=\"wp-block-heading has-medium-font-size\">Ankara Refakat\u00e7\u0131 Hizmetleri<\/h1>\n\n\n\n<p><strong>Ankara\u2019da refakat\u00e7\u0131 hizmetleri<\/strong>, hastalar\u0131n hastane veya ev ortam\u0131nda yaln\u0131z kalmamas\u0131 i\u00e7in sunulan \u00f6nemli bir hizmettir. Refakat\u00e7iler, hastalar\u0131n g\u00fcnl\u00fck ihtiya\u00e7lar\u0131na yard\u0131mc\u0131 olur ve tedavi s\u00fcrecinde destek sa\u011flar.<\/p>\n\n\n\n<p><strong>Ankara refakat\u00e7\u0131 hizmetleri kapsam\u0131nda:<\/strong><\/p>\n\n\n\n<ul class=\"wp-block-list\">\n<li>Hastan\u0131n yan\u0131nda bulunma<\/li>\n\n\n\n<li>G\u00fcnl\u00fck ihtiya\u00e7lara yard\u0131mc\u0131 olma<\/li>\n\n\n\n<li>Moral ve psikolojik destek<\/li>\n\n\n\n<li>Hastan\u0131n g\u00fcvenli\u011fini sa\u011flama<\/li>\n\n\n\n<li>Aile ile d\u00fczenli ileti\u015fim kurma<\/li>\n<\/ul>\n\n\n\n<p>Bu hizmet \u00f6zellikle yo\u011fun \u00e7al\u0131\u015fan aileler i\u00e7in b\u00fcy\u00fck bir kolayl\u0131k sa\u011flar. <strong>Ankara\u2019da refakat\u00e7\u0131 arayan ki\u015filer<\/strong>, profesyonel hizmet sayesinde hastalar\u0131n\u0131n g\u00fcvende oldu\u011fundan emin olabilir.<\/p>\n","protected":false},"excerpt":{"rendered":"<p>Ankara Refakat\u00e7\u0131 Hizmetleri Ankara\u2019da refakat\u00e7\u0131 hizmetleri, hastalar\u0131n hastane veya ev ortam\u0131nda yaln\u0131z kalmamas\u0131 i\u00e7in sunulan \u00f6nemli bir hizmettir. Refakat\u00e7iler, hastalar\u0131n g\u00fcnl\u00fck ihtiya\u00e7lar\u0131na yard\u0131mc\u0131 olur ve tedavi s\u00fcrecinde destek sa\u011flar. Ankara refakat\u00e7\u0131 hizmetleri kapsam\u0131nda: Bu hizmet \u00f6zellikle yo\u011fun \u00e7al\u0131\u015fan aileler i\u00e7in b\u00fcy\u00fck bir kolayl\u0131k sa\u011flar. Ankara\u2019da refakat\u00e7\u0131 arayan ki\u015filer, profesyonel hizmet sayesinde hastalar\u0131n\u0131n g\u00fcvende oldu\u011fundan emin [&hellip;]<\/p>\n","protected":false},"author":1,"featured_media":0,"parent":0,"menu_order":0,"comment_status":"closed","ping_status":"closed","template":"","meta":{"footnotes":""},"class_list":["post-11","page","type-page","status-publish","hentry"],"yoast_head":"<!-- This site is optimized with the Yoast SEO plugin v27.5 - https:\/\/yoast.com\/product\/yoast-seo-wordpress\/ -->\n<title>Refakat\u00e7\u0131 hizmetleri - Ankara&#039;da hasta ve ya\u015fl\u0131 bak\u0131m hizmetleri<\/title>\n<meta name=\"description\" content=\"Ankarada evde ve hastanede refakat\u00e7\u0131 hizmeti sunulmaktad\u0131r. \u00c7ankaya \u00c7ayyolu ve Ankaran\u0131n her yerinde hizmet vermekteyiz.\" \/>\n<meta name=\"robots\" content=\"index, follow, max-snippet:-1, max-image-preview:large, max-video-preview:-1\" \/>\n<link rel=\"canonical\" href=\"http:\/\/www.samurayhastabakicilik.com\/index.php\/ankara-refakatci-hizmeti\/\" \/>\n<meta property=\"og:locale\" content=\"tr_TR\" \/>\n<meta property=\"og:type\" content=\"article\" \/>\n<meta property=\"og:title\" content=\"Refakat\u00e7\u0131 hizmetleri - Ankara&#039;da hasta ve ya\u015fl\u0131 bak\u0131m hizmetleri\" \/>\n<meta property=\"og:description\" content=\"Ankarada evde ve hastanede refakat\u00e7\u0131 hizmeti sunulmaktad\u0131r. \u00c7ankaya \u00c7ayyolu ve Ankaran\u0131n her yerinde hizmet vermekteyiz.\" \/>\n<meta property=\"og:url\" content=\"http:\/\/www.samurayhastabakicilik.com\/index.php\/ankara-refakatci-hizmeti\/\" \/>\n<meta property=\"og:site_name\" content=\"Ankara&#039;da hasta ve ya\u015fl\u0131 bak\u0131m hizmetleri\" \/>\n<meta property=\"article:modified_time\" content=\"2026-03-10T15:16:03+00:00\" \/>\n<meta name=\"twitter:card\" content=\"summary_large_image\" \/>\n<meta name=\"twitter:label1\" content=\"Tahmini okuma s\u00fcresi\" \/>\n\t<meta name=\"twitter:data1\" content=\"1 dakika\" \/>\n<script type=\"application\/ld+json\" class=\"yoast-schema-graph\">{\"@context\":\"https:\\\/\\\/schema.org\",\"@graph\":[{\"@type\":\"WebPage\",\"@id\":\"http:\\\/\\\/www.samurayhastabakicilik.com\\\/index.php\\\/ankara-refakatci-hizmeti\\\/\",\"url\":\"http:\\\/\\\/www.samurayhastabakicilik.com\\\/index.php\\\/ankara-refakatci-hizmeti\\\/\",\"name\":\"Refakat\u00e7\u0131 hizmetleri - Ankara'da hasta ve ya\u015fl\u0131 bak\u0131m hizmetleri\",\"isPartOf\":{\"@id\":\"http:\\\/\\\/www.samurayhastabakicilik.com\\\/#website\"},\"datePublished\":\"2026-02-13T13:17:28+00:00\",\"dateModified\":\"2026-03-10T15:16:03+00:00\",\"description\":\"Ankarada evde ve hastanede refakat\u00e7\u0131 hizmeti sunulmaktad\u0131r. \u00c7ankaya \u00c7ayyolu ve Ankaran\u0131n her yerinde hizmet vermekteyiz.\",\"breadcrumb\":{\"@id\":\"http:\\\/\\\/www.samurayhastabakicilik.com\\\/index.php\\\/ankara-refakatci-hizmeti\\\/#breadcrumb\"},\"inLanguage\":\"tr\",\"potentialAction\":[{\"@type\":\"ReadAction\",\"target\":[\"http:\\\/\\\/www.samurayhastabakicilik.com\\\/index.php\\\/ankara-refakatci-hizmeti\\\/\"]}]},{\"@type\":\"BreadcrumbList\",\"@id\":\"http:\\\/\\\/www.samurayhastabakicilik.com\\\/index.php\\\/ankara-refakatci-hizmeti\\\/#breadcrumb\",\"itemListElement\":[{\"@type\":\"ListItem\",\"position\":1,\"name\":\"Anasayfa\",\"item\":\"http:\\\/\\\/www.samurayhastabakicilik.com\\\/\"},{\"@type\":\"ListItem\",\"position\":2,\"name\":\"Refakat\u00e7\u0131 hizmetleri\"}]},{\"@type\":\"WebSite\",\"@id\":\"http:\\\/\\\/www.samurayhastabakicilik.com\\\/#website\",\"url\":\"http:\\\/\\\/www.samurayhastabakicilik.com\\\/\",\"name\":\"Ankara'da hasta ve ya\u015fl\u0131 bak\u0131m hizmetleri\",\"description\":\"Ankara'da hasta bak\u0131c\u0131 refakat&ccedil;\u0131 evde bak\u0131m hizmetleri\",\"publisher\":{\"@id\":\"http:\\\/\\\/www.samurayhastabakicilik.com\\\/#organization\"},\"potentialAction\":[{\"@type\":\"SearchAction\",\"target\":{\"@type\":\"EntryPoint\",\"urlTemplate\":\"http:\\\/\\\/www.samurayhastabakicilik.com\\\/?s={search_term_string}\"},\"query-input\":{\"@type\":\"PropertyValueSpecification\",\"valueRequired\":true,\"valueName\":\"search_term_string\"}}],\"inLanguage\":\"tr\"},{\"@type\":\"Organization\",\"@id\":\"http:\\\/\\\/www.samurayhastabakicilik.com\\\/#organization\",\"name\":\"Ankara'da hasta ve ya\u015fl\u0131 bak\u0131m hizmetleri\",\"url\":\"http:\\\/\\\/www.samurayhastabakicilik.com\\\/\",\"logo\":{\"@type\":\"ImageObject\",\"inLanguage\":\"tr\",\"@id\":\"http:\\\/\\\/www.samurayhastabakicilik.com\\\/#\\\/schema\\\/logo\\\/image\\\/\",\"url\":\"http:\\\/\\\/www.samurayhastabakicilik.com\\\/wp-content\\\/uploads\\\/2026\\\/03\\\/cropped-Ankara-Hasta-Bakicilik-ankara.png\",\"contentUrl\":\"http:\\\/\\\/www.samurayhastabakicilik.com\\\/wp-content\\\/uploads\\\/2026\\\/03\\\/cropped-Ankara-Hasta-Bakicilik-ankara.png\",\"width\":512,\"height\":512,\"caption\":\"Ankara'da hasta ve ya\u015fl\u0131 bak\u0131m hizmetleri\"},\"image\":{\"@id\":\"http:\\\/\\\/www.samurayhastabakicilik.com\\\/#\\\/schema\\\/logo\\\/image\\\/\"}}]}<\/script>\n<!-- \/ Yoast SEO plugin. -->","yoast_head_json":{"title":"Refakat\u00e7\u0131 hizmetleri - Ankara'da hasta ve ya\u015fl\u0131 bak\u0131m hizmetleri","description":"Ankarada evde ve hastanede refakat\u00e7\u0131 hizmeti sunulmaktad\u0131r. \u00c7ankaya \u00c7ayyolu ve Ankaran\u0131n her yerinde hizmet vermekteyiz.","robots":{"index":"index","follow":"follow","max-snippet":"max-snippet:-1","max-image-preview":"max-image-preview:large","max-video-preview":"max-video-preview:-1"},"canonical":"http:\/\/www.samurayhastabakicilik.com\/index.php\/ankara-refakatci-hizmeti\/","og_locale":"tr_TR","og_type":"article","og_title":"Refakat\u00e7\u0131 hizmetleri - Ankara'da hasta ve ya\u015fl\u0131 bak\u0131m hizmetleri","og_description":"Ankarada evde ve hastanede refakat\u00e7\u0131 hizmeti sunulmaktad\u0131r. \u00c7ankaya \u00c7ayyolu ve Ankaran\u0131n her yerinde hizmet vermekteyiz.","og_url":"http:\/\/www.samurayhastabakicilik.com\/index.php\/ankara-refakatci-hizmeti\/","og_site_name":"Ankara'da hasta ve ya\u015fl\u0131 bak\u0131m hizmetleri","article_modified_time":"2026-03-10T15:16:03+00:00","twitter_card":"summary_large_image","twitter_misc":{"Tahmini okuma s\u00fcresi":"1 dakika"},"schema":{"@context":"https:\/\/schema.org","@graph":[{"@type":"WebPage","@id":"http:\/\/www.samurayhastabakicilik.com\/index.php\/ankara-refakatci-hizmeti\/","url":"http:\/\/www.samurayhastabakicilik.com\/index.php\/ankara-refakatci-hizmeti\/","name":"Refakat\u00e7\u0131 hizmetleri - Ankara'da hasta ve ya\u015fl\u0131 bak\u0131m hizmetleri","isPartOf":{"@id":"http:\/\/www.samurayhastabakicilik.com\/#website"},"datePublished":"2026-02-13T13:17:28+00:00","dateModified":"2026-03-10T15:16:03+00:00","description":"Ankarada evde ve hastanede refakat\u00e7\u0131 hizmeti sunulmaktad\u0131r. \u00c7ankaya \u00c7ayyolu ve Ankaran\u0131n her yerinde hizmet vermekteyiz.","breadcrumb":{"@id":"http:\/\/www.samurayhastabakicilik.com\/index.php\/ankara-refakatci-hizmeti\/#breadcrumb"},"inLanguage":"tr","potentialAction":[{"@type":"ReadAction","target":["http:\/\/www.samurayhastabakicilik.com\/index.php\/ankara-refakatci-hizmeti\/"]}]},{"@type":"BreadcrumbList","@id":"http:\/\/www.samurayhastabakicilik.com\/index.php\/ankara-refakatci-hizmeti\/#breadcrumb","itemListElement":[{"@type":"ListItem","position":1,"name":"Anasayfa","item":"http:\/\/www.samurayhastabakicilik.com\/"},{"@type":"ListItem","position":2,"name":"Refakat\u00e7\u0131 hizmetleri"}]},{"@type":"WebSite","@id":"http:\/\/www.samurayhastabakicilik.com\/#website","url":"http:\/\/www.samurayhastabakicilik.com\/","name":"Ankara'da hasta ve ya\u015fl\u0131 bak\u0131m hizmetleri","description":"Ankara'da hasta bak\u0131c\u0131 refakat&ccedil;\u0131 evde bak\u0131m hizmetleri","publisher":{"@id":"http:\/\/www.samurayhastabakicilik.com\/#organization"},"potentialAction":[{"@type":"SearchAction","target":{"@type":"EntryPoint","urlTemplate":"http:\/\/www.samurayhastabakicilik.com\/?s={search_term_string}"},"query-input":{"@type":"PropertyValueSpecification","valueRequired":true,"valueName":"search_term_string"}}],"inLanguage":"tr"},{"@type":"Organization","@id":"http:\/\/www.samurayhastabakicilik.com\/#organization","name":"Ankara'da hasta ve ya\u015fl\u0131 bak\u0131m hizmetleri","url":"http:\/\/www.samurayhastabakicilik.com\/","logo":{"@type":"ImageObject","inLanguage":"tr","@id":"http:\/\/www.samurayhastabakicilik.com\/#\/schema\/logo\/image\/","url":"http:\/\/www.samurayhastabakicilik.com\/wp-content\/uploads\/2026\/03\/cropped-Ankara-Hasta-Bakicilik-ankara.png","contentUrl":"http:\/\/www.samurayhastabakicilik.com\/wp-content\/uploads\/2026\/03\/cropped-Ankara-Hasta-Bakicilik-ankara.png","width":512,"height":512,"caption":"Ankara'da hasta ve ya\u015fl\u0131 bak\u0131m hizmetleri"},"image":{"@id":"http:\/\/www.samurayhastabakicilik.com\/#\/schema\/logo\/image\/"}}]}},"_links":{"self":[{"href":"http:\/\/www.samurayhastabakicilik.com\/index.php\/wp-json\/wp\/v2\/pages\/11","targetHints":{"allow":["GET"]}}],"collection":[{"href":"http:\/\/www.samurayhastabakicilik.com\/index.php\/wp-json\/wp\/v2\/pages"}],"about":[{"href":"http:\/\/www.samurayhastabakicilik.com\/index.php\/wp-json\/wp\/v2\/types\/page"}],"author":[{"embeddable":true,"href":"http:\/\/www.samurayhastabakicilik.com\/index.php\/wp-json\/wp\/v2\/users\/1"}],"replies":[{"embeddable":true,"href":"http:\/\/www.samurayhastabakicilik.com\/index.php\/wp-json\/wp\/v2\/comments?post=11"}],"version-history":[{"count":3,"href":"http:\/\/www.samurayhastabakicilik.com\/index.php\/wp-json\/wp\/v2\/pages\/11\/revisions"}],"predecessor-version":[{"id":137,"href":"http:\/\/www.samurayhastabakicilik.com\/index.php\/wp-json\/wp\/v2\/pages\/11\/revisions\/137"}],"wp:attachment":[{"href":"http:\/\/www.samurayhastabakicilik.com\/index.php\/wp-json\/wp\/v2\/media?parent=11"}],"curies":[{"name":"wp","href":"https:\/\/api.w.org\/{rel}","templated":true}]}}