{"id":13,"date":"2026-02-13T13:18:01","date_gmt":"2026-02-13T13:18:01","guid":{"rendered":"http:\/\/www.samurayhastabakicilik.com\/?page_id=13"},"modified":"2026-03-10T15:03:05","modified_gmt":"2026-03-10T15:03:05","slug":"ankara-evde-hasta-bakimi","status":"publish","type":"page","link":"http:\/\/www.samurayhastabakicilik.com\/index.php\/ankara-evde-hasta-bakimi\/","title":{"rendered":"Evde bak\u0131m hizmetleri"},"content":{"rendered":"\n<h1 class=\"wp-block-heading has-medium-font-size\">Ankara Evde Hasta Bak\u0131m Hizmetleri<\/h1>\n\n\n\n<p>Hastalar\u0131n kendi ev ortamlar\u0131nda bak\u0131m almas\u0131 hem psikolojik hem de fiziksel a\u00e7\u0131dan olduk\u00e7a avantajl\u0131d\u0131r. <strong>Ankara evde bak\u0131m hizmetleri<\/strong>, hastalar\u0131n hastaneye gitmeden g\u00fcnl\u00fck bak\u0131m ihtiya\u00e7lar\u0131n\u0131n kar\u015f\u0131lanmas\u0131n\u0131 sa\u011flar.<\/p>\n\n\n\n<p><strong>Ankara evde bak\u0131m hizmetlerinin avantajlar\u0131:<\/strong><\/p>\n\n\n\n<ul class=\"wp-block-list\">\n<li>Hastan\u0131n kendi evinde konforlu bak\u0131m almas\u0131<\/li>\n\n\n\n<li>Aile bireylerinin s\u00fcrece daha kolay dahil olmas\u0131<\/li>\n\n\n\n<li>Enfeksiyon riskinin azalmas\u0131<\/li>\n\n\n\n<li>Daha bireysel ve \u00f6zel bak\u0131m hizmeti<\/li>\n<\/ul>\n\n\n\n<p>\u00d6zellikle ya\u015fl\u0131 bireyler i\u00e7in <strong>Ankara evde hasta bak\u0131m hizmetleri<\/strong>, ya\u015fam kalitesini art\u0131ran \u00f6nemli bir destek sistemidir. Profesyonel bak\u0131c\u0131lar sayesinde hastalar g\u00fcvenli bir \u015fekilde evlerinde bak\u0131m alabilir.<\/p>\n","protected":false},"excerpt":{"rendered":"<p>Ankara Evde Hasta Bak\u0131m Hizmetleri Hastalar\u0131n kendi ev ortamlar\u0131nda bak\u0131m almas\u0131 hem psikolojik hem de fiziksel a\u00e7\u0131dan olduk\u00e7a avantajl\u0131d\u0131r. Ankara evde bak\u0131m hizmetleri, hastalar\u0131n hastaneye gitmeden g\u00fcnl\u00fck bak\u0131m ihtiya\u00e7lar\u0131n\u0131n kar\u015f\u0131lanmas\u0131n\u0131 sa\u011flar. Ankara evde bak\u0131m hizmetlerinin avantajlar\u0131: \u00d6zellikle ya\u015fl\u0131 bireyler i\u00e7in Ankara evde hasta bak\u0131m hizmetleri, ya\u015fam kalitesini art\u0131ran \u00f6nemli bir destek sistemidir. Profesyonel bak\u0131c\u0131lar sayesinde [&hellip;]<\/p>\n","protected":false},"author":1,"featured_media":0,"parent":0,"menu_order":0,"comment_status":"closed","ping_status":"closed","template":"","meta":{"footnotes":""},"class_list":["post-13","page","type-page","status-publish","hentry"],"yoast_head":"<!-- This site is optimized with the Yoast SEO plugin v27.5 - https:\/\/yoast.com\/product\/yoast-seo-wordpress\/ -->\n<title>Evde bak\u0131m hizmetleri - Ankara&#039;da hasta ve ya\u015fl\u0131 bak\u0131m hizmetleri<\/title>\n<meta name=\"description\" content=\"Ankara&#039;da hasta ve ya\u015fl\u0131 bak\u0131m hizmetleri vermekteyiz. Ankara ya\u015fl\u0131 bak\u0131m\u0131 Ankara hasta bak\u0131m\u0131 ar\u0131yorsan\u0131z do\u011fru yerdesiniz\" \/>\n<meta name=\"robots\" content=\"index, follow, max-snippet:-1, max-image-preview:large, max-video-preview:-1\" \/>\n<link rel=\"canonical\" href=\"http:\/\/www.samurayhastabakicilik.com\/index.php\/ankara-evde-hasta-bakimi\/\" \/>\n<meta property=\"og:locale\" content=\"tr_TR\" \/>\n<meta property=\"og:type\" content=\"article\" \/>\n<meta property=\"og:title\" content=\"Evde bak\u0131m hizmetleri - Ankara&#039;da hasta ve ya\u015fl\u0131 bak\u0131m hizmetleri\" \/>\n<meta property=\"og:description\" content=\"Ankara&#039;da hasta ve ya\u015fl\u0131 bak\u0131m hizmetleri vermekteyiz. Ankara ya\u015fl\u0131 bak\u0131m\u0131 Ankara hasta bak\u0131m\u0131 ar\u0131yorsan\u0131z do\u011fru yerdesiniz\" \/>\n<meta property=\"og:url\" content=\"http:\/\/www.samurayhastabakicilik.com\/index.php\/ankara-evde-hasta-bakimi\/\" \/>\n<meta property=\"og:site_name\" content=\"Ankara&#039;da hasta ve ya\u015fl\u0131 bak\u0131m hizmetleri\" \/>\n<meta property=\"article:modified_time\" content=\"2026-03-10T15:03:05+00:00\" \/>\n<meta name=\"twitter:card\" content=\"summary_large_image\" \/>\n<meta name=\"twitter:label1\" content=\"Tahmini okuma s\u00fcresi\" \/>\n\t<meta name=\"twitter:data1\" content=\"1 dakika\" \/>\n<script type=\"application\/ld+json\" class=\"yoast-schema-graph\">{\"@context\":\"https:\\\/\\\/schema.org\",\"@graph\":[{\"@type\":\"WebPage\",\"@id\":\"http:\\\/\\\/www.samurayhastabakicilik.com\\\/index.php\\\/ankara-evde-hasta-bakimi\\\/\",\"url\":\"http:\\\/\\\/www.samurayhastabakicilik.com\\\/index.php\\\/ankara-evde-hasta-bakimi\\\/\",\"name\":\"Evde bak\u0131m hizmetleri - Ankara'da hasta ve ya\u015fl\u0131 bak\u0131m hizmetleri\",\"isPartOf\":{\"@id\":\"http:\\\/\\\/www.samurayhastabakicilik.com\\\/#website\"},\"datePublished\":\"2026-02-13T13:18:01+00:00\",\"dateModified\":\"2026-03-10T15:03:05+00:00\",\"description\":\"Ankara'da hasta ve ya\u015fl\u0131 bak\u0131m hizmetleri vermekteyiz. Ankara ya\u015fl\u0131 bak\u0131m\u0131 Ankara hasta bak\u0131m\u0131 ar\u0131yorsan\u0131z do\u011fru yerdesiniz\",\"breadcrumb\":{\"@id\":\"http:\\\/\\\/www.samurayhastabakicilik.com\\\/index.php\\\/ankara-evde-hasta-bakimi\\\/#breadcrumb\"},\"inLanguage\":\"tr\",\"potentialAction\":[{\"@type\":\"ReadAction\",\"target\":[\"http:\\\/\\\/www.samurayhastabakicilik.com\\\/index.php\\\/ankara-evde-hasta-bakimi\\\/\"]}]},{\"@type\":\"BreadcrumbList\",\"@id\":\"http:\\\/\\\/www.samurayhastabakicilik.com\\\/index.php\\\/ankara-evde-hasta-bakimi\\\/#breadcrumb\",\"itemListElement\":[{\"@type\":\"ListItem\",\"position\":1,\"name\":\"Anasayfa\",\"item\":\"http:\\\/\\\/www.samurayhastabakicilik.com\\\/\"},{\"@type\":\"ListItem\",\"position\":2,\"name\":\"Evde bak\u0131m hizmetleri\"}]},{\"@type\":\"WebSite\",\"@id\":\"http:\\\/\\\/www.samurayhastabakicilik.com\\\/#website\",\"url\":\"http:\\\/\\\/www.samurayhastabakicilik.com\\\/\",\"name\":\"Ankara'da hasta ve ya\u015fl\u0131 bak\u0131m hizmetleri\",\"description\":\"Ankara'da hasta bak\u0131c\u0131 refakat&ccedil;\u0131 evde bak\u0131m hizmetleri\",\"publisher\":{\"@id\":\"http:\\\/\\\/www.samurayhastabakicilik.com\\\/#organization\"},\"potentialAction\":[{\"@type\":\"SearchAction\",\"target\":{\"@type\":\"EntryPoint\",\"urlTemplate\":\"http:\\\/\\\/www.samurayhastabakicilik.com\\\/?s={search_term_string}\"},\"query-input\":{\"@type\":\"PropertyValueSpecification\",\"valueRequired\":true,\"valueName\":\"search_term_string\"}}],\"inLanguage\":\"tr\"},{\"@type\":\"Organization\",\"@id\":\"http:\\\/\\\/www.samurayhastabakicilik.com\\\/#organization\",\"name\":\"Ankara'da hasta ve ya\u015fl\u0131 bak\u0131m hizmetleri\",\"url\":\"http:\\\/\\\/www.samurayhastabakicilik.com\\\/\",\"logo\":{\"@type\":\"ImageObject\",\"inLanguage\":\"tr\",\"@id\":\"http:\\\/\\\/www.samurayhastabakicilik.com\\\/#\\\/schema\\\/logo\\\/image\\\/\",\"url\":\"http:\\\/\\\/www.samurayhastabakicilik.com\\\/wp-content\\\/uploads\\\/2026\\\/03\\\/cropped-Ankara-Hasta-Bakicilik-ankara.png\",\"contentUrl\":\"http:\\\/\\\/www.samurayhastabakicilik.com\\\/wp-content\\\/uploads\\\/2026\\\/03\\\/cropped-Ankara-Hasta-Bakicilik-ankara.png\",\"width\":512,\"height\":512,\"caption\":\"Ankara'da hasta ve ya\u015fl\u0131 bak\u0131m hizmetleri\"},\"image\":{\"@id\":\"http:\\\/\\\/www.samurayhastabakicilik.com\\\/#\\\/schema\\\/logo\\\/image\\\/\"}}]}<\/script>\n<!-- \/ Yoast SEO plugin. -->","yoast_head_json":{"title":"Evde bak\u0131m hizmetleri - Ankara'da hasta ve ya\u015fl\u0131 bak\u0131m hizmetleri","description":"Ankara'da hasta ve ya\u015fl\u0131 bak\u0131m hizmetleri vermekteyiz. Ankara ya\u015fl\u0131 bak\u0131m\u0131 Ankara hasta bak\u0131m\u0131 ar\u0131yorsan\u0131z do\u011fru yerdesiniz","robots":{"index":"index","follow":"follow","max-snippet":"max-snippet:-1","max-image-preview":"max-image-preview:large","max-video-preview":"max-video-preview:-1"},"canonical":"http:\/\/www.samurayhastabakicilik.com\/index.php\/ankara-evde-hasta-bakimi\/","og_locale":"tr_TR","og_type":"article","og_title":"Evde bak\u0131m hizmetleri - Ankara'da hasta ve ya\u015fl\u0131 bak\u0131m hizmetleri","og_description":"Ankara'da hasta ve ya\u015fl\u0131 bak\u0131m hizmetleri vermekteyiz. Ankara ya\u015fl\u0131 bak\u0131m\u0131 Ankara hasta bak\u0131m\u0131 ar\u0131yorsan\u0131z do\u011fru yerdesiniz","og_url":"http:\/\/www.samurayhastabakicilik.com\/index.php\/ankara-evde-hasta-bakimi\/","og_site_name":"Ankara'da hasta ve ya\u015fl\u0131 bak\u0131m hizmetleri","article_modified_time":"2026-03-10T15:03:05+00:00","twitter_card":"summary_large_image","twitter_misc":{"Tahmini okuma s\u00fcresi":"1 dakika"},"schema":{"@context":"https:\/\/schema.org","@graph":[{"@type":"WebPage","@id":"http:\/\/www.samurayhastabakicilik.com\/index.php\/ankara-evde-hasta-bakimi\/","url":"http:\/\/www.samurayhastabakicilik.com\/index.php\/ankara-evde-hasta-bakimi\/","name":"Evde bak\u0131m hizmetleri - Ankara'da hasta ve ya\u015fl\u0131 bak\u0131m hizmetleri","isPartOf":{"@id":"http:\/\/www.samurayhastabakicilik.com\/#website"},"datePublished":"2026-02-13T13:18:01+00:00","dateModified":"2026-03-10T15:03:05+00:00","description":"Ankara'da hasta ve ya\u015fl\u0131 bak\u0131m hizmetleri vermekteyiz. Ankara ya\u015fl\u0131 bak\u0131m\u0131 Ankara hasta bak\u0131m\u0131 ar\u0131yorsan\u0131z do\u011fru yerdesiniz","breadcrumb":{"@id":"http:\/\/www.samurayhastabakicilik.com\/index.php\/ankara-evde-hasta-bakimi\/#breadcrumb"},"inLanguage":"tr","potentialAction":[{"@type":"ReadAction","target":["http:\/\/www.samurayhastabakicilik.com\/index.php\/ankara-evde-hasta-bakimi\/"]}]},{"@type":"BreadcrumbList","@id":"http:\/\/www.samurayhastabakicilik.com\/index.php\/ankara-evde-hasta-bakimi\/#breadcrumb","itemListElement":[{"@type":"ListItem","position":1,"name":"Anasayfa","item":"http:\/\/www.samurayhastabakicilik.com\/"},{"@type":"ListItem","position":2,"name":"Evde bak\u0131m hizmetleri"}]},{"@type":"WebSite","@id":"http:\/\/www.samurayhastabakicilik.com\/#website","url":"http:\/\/www.samurayhastabakicilik.com\/","name":"Ankara'da hasta ve ya\u015fl\u0131 bak\u0131m hizmetleri","description":"Ankara'da hasta bak\u0131c\u0131 refakat&ccedil;\u0131 evde bak\u0131m hizmetleri","publisher":{"@id":"http:\/\/www.samurayhastabakicilik.com\/#organization"},"potentialAction":[{"@type":"SearchAction","target":{"@type":"EntryPoint","urlTemplate":"http:\/\/www.samurayhastabakicilik.com\/?s={search_term_string}"},"query-input":{"@type":"PropertyValueSpecification","valueRequired":true,"valueName":"search_term_string"}}],"inLanguage":"tr"},{"@type":"Organization","@id":"http:\/\/www.samurayhastabakicilik.com\/#organization","name":"Ankara'da hasta ve ya\u015fl\u0131 bak\u0131m hizmetleri","url":"http:\/\/www.samurayhastabakicilik.com\/","logo":{"@type":"ImageObject","inLanguage":"tr","@id":"http:\/\/www.samurayhastabakicilik.com\/#\/schema\/logo\/image\/","url":"http:\/\/www.samurayhastabakicilik.com\/wp-content\/uploads\/2026\/03\/cropped-Ankara-Hasta-Bakicilik-ankara.png","contentUrl":"http:\/\/www.samurayhastabakicilik.com\/wp-content\/uploads\/2026\/03\/cropped-Ankara-Hasta-Bakicilik-ankara.png","width":512,"height":512,"caption":"Ankara'da hasta ve ya\u015fl\u0131 bak\u0131m hizmetleri"},"image":{"@id":"http:\/\/www.samurayhastabakicilik.com\/#\/schema\/logo\/image\/"}}]}},"_links":{"self":[{"href":"http:\/\/www.samurayhastabakicilik.com\/index.php\/wp-json\/wp\/v2\/pages\/13","targetHints":{"allow":["GET"]}}],"collection":[{"href":"http:\/\/www.samurayhastabakicilik.com\/index.php\/wp-json\/wp\/v2\/pages"}],"about":[{"href":"http:\/\/www.samurayhastabakicilik.com\/index.php\/wp-json\/wp\/v2\/types\/page"}],"author":[{"embeddable":true,"href":"http:\/\/www.samurayhastabakicilik.com\/index.php\/wp-json\/wp\/v2\/users\/1"}],"replies":[{"embeddable":true,"href":"http:\/\/www.samurayhastabakicilik.com\/index.php\/wp-json\/wp\/v2\/comments?post=13"}],"version-history":[{"count":3,"href":"http:\/\/www.samurayhastabakicilik.com\/index.php\/wp-json\/wp\/v2\/pages\/13\/revisions"}],"predecessor-version":[{"id":134,"href":"http:\/\/www.samurayhastabakicilik.com\/index.php\/wp-json\/wp\/v2\/pages\/13\/revisions\/134"}],"wp:attachment":[{"href":"http:\/\/www.samurayhastabakicilik.com\/index.php\/wp-json\/wp\/v2\/media?parent=13"}],"curies":[{"name":"wp","href":"https:\/\/api.w.org\/{rel}","templated":true}]}}