{"id":15,"date":"2026-02-13T13:18:24","date_gmt":"2026-02-13T13:18:24","guid":{"rendered":"http:\/\/www.samurayhastabakicilik.com\/?page_id=15"},"modified":"2026-03-10T14:27:41","modified_gmt":"2026-03-10T14:27:41","slug":"iletisim","status":"publish","type":"page","link":"http:\/\/www.samurayhastabakicilik.com\/index.php\/iletisim\/","title":{"rendered":"\u0130leti\u015fim"},"content":{"rendered":"\n<p>Ankara Hasta Bak\u0131c\u0131 hizmetleri<\/p>\n\n\n\n<p>Evde hasta bak\u0131m hizmetleri Ankara<\/p>\n\n\n\n<p>Ankara Acil hasta bak\u0131m hizmeti<\/p>\n\n\n\n<p>Telefon: 0532 696 97 41<\/p>\n\n\n\n<p>Adres: U\u011furlu sokak 34 \/ A \u00c7aml\u0131tepe mah \u00c7ankaya Ankara<\/p>\n\n\n\n<p><\/p>\n","protected":false},"excerpt":{"rendered":"<p>Ankara Hasta Bak\u0131c\u0131 hizmetleri Evde hasta bak\u0131m hizmetleri Ankara Ankara Acil hasta bak\u0131m hizmeti Telefon: 0532 696 97 41 Adres: U\u011furlu sokak 34 \/ A \u00c7aml\u0131tepe mah \u00c7ankaya Ankara<\/p>\n","protected":false},"author":1,"featured_media":0,"parent":0,"menu_order":0,"comment_status":"closed","ping_status":"closed","template":"","meta":{"footnotes":""},"class_list":["post-15","page","type-page","status-publish","hentry"],"yoast_head":"<!-- This site is optimized with the Yoast SEO plugin v27.5 - https:\/\/yoast.com\/product\/yoast-seo-wordpress\/ -->\n<title>\u0130leti\u015fim - Ankara&#039;da hasta ve ya\u015fl\u0131 bak\u0131m hizmetleri<\/title>\n<meta name=\"robots\" content=\"index, follow, max-snippet:-1, max-image-preview:large, max-video-preview:-1\" \/>\n<link rel=\"canonical\" href=\"http:\/\/www.samurayhastabakicilik.com\/index.php\/iletisim\/\" \/>\n<meta property=\"og:locale\" content=\"tr_TR\" \/>\n<meta property=\"og:type\" content=\"article\" \/>\n<meta property=\"og:title\" content=\"\u0130leti\u015fim - Ankara&#039;da hasta ve ya\u015fl\u0131 bak\u0131m hizmetleri\" \/>\n<meta property=\"og:description\" content=\"Ankara Hasta Bak\u0131c\u0131 hizmetleri Evde hasta bak\u0131m hizmetleri Ankara Ankara Acil hasta bak\u0131m hizmeti Telefon: 0532 696 97 41 Adres: U\u011furlu sokak 34 \/ A \u00c7aml\u0131tepe mah \u00c7ankaya Ankara\" \/>\n<meta property=\"og:url\" content=\"http:\/\/www.samurayhastabakicilik.com\/index.php\/iletisim\/\" \/>\n<meta property=\"og:site_name\" content=\"Ankara&#039;da hasta ve ya\u015fl\u0131 bak\u0131m hizmetleri\" \/>\n<meta property=\"article:modified_time\" content=\"2026-03-10T14:27:41+00:00\" \/>\n<meta name=\"twitter:card\" content=\"summary_large_image\" \/>\n<script type=\"application\/ld+json\" class=\"yoast-schema-graph\">{\"@context\":\"https:\\\/\\\/schema.org\",\"@graph\":[{\"@type\":\"WebPage\",\"@id\":\"http:\\\/\\\/www.samurayhastabakicilik.com\\\/index.php\\\/iletisim\\\/\",\"url\":\"http:\\\/\\\/www.samurayhastabakicilik.com\\\/index.php\\\/iletisim\\\/\",\"name\":\"\u0130leti\u015fim - Ankara'da hasta ve ya\u015fl\u0131 bak\u0131m hizmetleri\",\"isPartOf\":{\"@id\":\"https:\\\/\\\/www.samurayhastabakicilik.com\\\/#website\"},\"datePublished\":\"2026-02-13T13:18:24+00:00\",\"dateModified\":\"2026-03-10T14:27:41+00:00\",\"breadcrumb\":{\"@id\":\"http:\\\/\\\/www.samurayhastabakicilik.com\\\/index.php\\\/iletisim\\\/#breadcrumb\"},\"inLanguage\":\"tr\",\"potentialAction\":[{\"@type\":\"ReadAction\",\"target\":[\"http:\\\/\\\/www.samurayhastabakicilik.com\\\/index.php\\\/iletisim\\\/\"]}]},{\"@type\":\"BreadcrumbList\",\"@id\":\"http:\\\/\\\/www.samurayhastabakicilik.com\\\/index.php\\\/iletisim\\\/#breadcrumb\",\"itemListElement\":[{\"@type\":\"ListItem\",\"position\":1,\"name\":\"Anasayfa\",\"item\":\"http:\\\/\\\/www.samurayhastabakicilik.com\\\/\"},{\"@type\":\"ListItem\",\"position\":2,\"name\":\"\u0130leti\u015fim\"}]},{\"@type\":\"WebSite\",\"@id\":\"https:\\\/\\\/www.samurayhastabakicilik.com\\\/#website\",\"url\":\"https:\\\/\\\/www.samurayhastabakicilik.com\\\/\",\"name\":\"Ankara'da hasta ve ya\u015fl\u0131 bak\u0131m hizmetleri\",\"description\":\"Ankara'da hasta bak\u0131c\u0131 refakat&ccedil;\u0131 evde bak\u0131m hizmetleri\",\"publisher\":{\"@id\":\"https:\\\/\\\/www.samurayhastabakicilik.com\\\/#organization\"},\"potentialAction\":[{\"@type\":\"SearchAction\",\"target\":{\"@type\":\"EntryPoint\",\"urlTemplate\":\"https:\\\/\\\/www.samurayhastabakicilik.com\\\/?s={search_term_string}\"},\"query-input\":{\"@type\":\"PropertyValueSpecification\",\"valueRequired\":true,\"valueName\":\"search_term_string\"}}],\"inLanguage\":\"tr\"},{\"@type\":\"Organization\",\"@id\":\"https:\\\/\\\/www.samurayhastabakicilik.com\\\/#organization\",\"name\":\"Ankara'da hasta ve ya\u015fl\u0131 bak\u0131m hizmetleri\",\"url\":\"https:\\\/\\\/www.samurayhastabakicilik.com\\\/\",\"logo\":{\"@type\":\"ImageObject\",\"inLanguage\":\"tr\",\"@id\":\"https:\\\/\\\/www.samurayhastabakicilik.com\\\/#\\\/schema\\\/logo\\\/image\\\/\",\"url\":\"http:\\\/\\\/www.samurayhastabakicilik.com\\\/wp-content\\\/uploads\\\/2026\\\/03\\\/cropped-Ankara-Hasta-Bakicilik-ankara.png\",\"contentUrl\":\"http:\\\/\\\/www.samurayhastabakicilik.com\\\/wp-content\\\/uploads\\\/2026\\\/03\\\/cropped-Ankara-Hasta-Bakicilik-ankara.png\",\"width\":512,\"height\":512,\"caption\":\"Ankara'da hasta ve ya\u015fl\u0131 bak\u0131m hizmetleri\"},\"image\":{\"@id\":\"https:\\\/\\\/www.samurayhastabakicilik.com\\\/#\\\/schema\\\/logo\\\/image\\\/\"}}]}<\/script>\n<!-- \/ Yoast SEO plugin. -->","yoast_head_json":{"title":"\u0130leti\u015fim - Ankara'da hasta ve ya\u015fl\u0131 bak\u0131m hizmetleri","robots":{"index":"index","follow":"follow","max-snippet":"max-snippet:-1","max-image-preview":"max-image-preview:large","max-video-preview":"max-video-preview:-1"},"canonical":"http:\/\/www.samurayhastabakicilik.com\/index.php\/iletisim\/","og_locale":"tr_TR","og_type":"article","og_title":"\u0130leti\u015fim - Ankara'da hasta ve ya\u015fl\u0131 bak\u0131m hizmetleri","og_description":"Ankara Hasta Bak\u0131c\u0131 hizmetleri Evde hasta bak\u0131m hizmetleri Ankara Ankara Acil hasta bak\u0131m hizmeti Telefon: 0532 696 97 41 Adres: U\u011furlu sokak 34 \/ A \u00c7aml\u0131tepe mah \u00c7ankaya Ankara","og_url":"http:\/\/www.samurayhastabakicilik.com\/index.php\/iletisim\/","og_site_name":"Ankara'da hasta ve ya\u015fl\u0131 bak\u0131m hizmetleri","article_modified_time":"2026-03-10T14:27:41+00:00","twitter_card":"summary_large_image","schema":{"@context":"https:\/\/schema.org","@graph":[{"@type":"WebPage","@id":"http:\/\/www.samurayhastabakicilik.com\/index.php\/iletisim\/","url":"http:\/\/www.samurayhastabakicilik.com\/index.php\/iletisim\/","name":"\u0130leti\u015fim - Ankara'da hasta ve ya\u015fl\u0131 bak\u0131m hizmetleri","isPartOf":{"@id":"https:\/\/www.samurayhastabakicilik.com\/#website"},"datePublished":"2026-02-13T13:18:24+00:00","dateModified":"2026-03-10T14:27:41+00:00","breadcrumb":{"@id":"http:\/\/www.samurayhastabakicilik.com\/index.php\/iletisim\/#breadcrumb"},"inLanguage":"tr","potentialAction":[{"@type":"ReadAction","target":["http:\/\/www.samurayhastabakicilik.com\/index.php\/iletisim\/"]}]},{"@type":"BreadcrumbList","@id":"http:\/\/www.samurayhastabakicilik.com\/index.php\/iletisim\/#breadcrumb","itemListElement":[{"@type":"ListItem","position":1,"name":"Anasayfa","item":"http:\/\/www.samurayhastabakicilik.com\/"},{"@type":"ListItem","position":2,"name":"\u0130leti\u015fim"}]},{"@type":"WebSite","@id":"https:\/\/www.samurayhastabakicilik.com\/#website","url":"https:\/\/www.samurayhastabakicilik.com\/","name":"Ankara'da hasta ve ya\u015fl\u0131 bak\u0131m hizmetleri","description":"Ankara'da hasta bak\u0131c\u0131 refakat&ccedil;\u0131 evde bak\u0131m hizmetleri","publisher":{"@id":"https:\/\/www.samurayhastabakicilik.com\/#organization"},"potentialAction":[{"@type":"SearchAction","target":{"@type":"EntryPoint","urlTemplate":"https:\/\/www.samurayhastabakicilik.com\/?s={search_term_string}"},"query-input":{"@type":"PropertyValueSpecification","valueRequired":true,"valueName":"search_term_string"}}],"inLanguage":"tr"},{"@type":"Organization","@id":"https:\/\/www.samurayhastabakicilik.com\/#organization","name":"Ankara'da hasta ve ya\u015fl\u0131 bak\u0131m hizmetleri","url":"https:\/\/www.samurayhastabakicilik.com\/","logo":{"@type":"ImageObject","inLanguage":"tr","@id":"https:\/\/www.samurayhastabakicilik.com\/#\/schema\/logo\/image\/","url":"http:\/\/www.samurayhastabakicilik.com\/wp-content\/uploads\/2026\/03\/cropped-Ankara-Hasta-Bakicilik-ankara.png","contentUrl":"http:\/\/www.samurayhastabakicilik.com\/wp-content\/uploads\/2026\/03\/cropped-Ankara-Hasta-Bakicilik-ankara.png","width":512,"height":512,"caption":"Ankara'da hasta ve ya\u015fl\u0131 bak\u0131m hizmetleri"},"image":{"@id":"https:\/\/www.samurayhastabakicilik.com\/#\/schema\/logo\/image\/"}}]}},"_links":{"self":[{"href":"http:\/\/www.samurayhastabakicilik.com\/index.php\/wp-json\/wp\/v2\/pages\/15","targetHints":{"allow":["GET"]}}],"collection":[{"href":"http:\/\/www.samurayhastabakicilik.com\/index.php\/wp-json\/wp\/v2\/pages"}],"about":[{"href":"http:\/\/www.samurayhastabakicilik.com\/index.php\/wp-json\/wp\/v2\/types\/page"}],"author":[{"embeddable":true,"href":"http:\/\/www.samurayhastabakicilik.com\/index.php\/wp-json\/wp\/v2\/users\/1"}],"replies":[{"embeddable":true,"href":"http:\/\/www.samurayhastabakicilik.com\/index.php\/wp-json\/wp\/v2\/comments?post=15"}],"version-history":[{"count":2,"href":"http:\/\/www.samurayhastabakicilik.com\/index.php\/wp-json\/wp\/v2\/pages\/15\/revisions"}],"predecessor-version":[{"id":124,"href":"http:\/\/www.samurayhastabakicilik.com\/index.php\/wp-json\/wp\/v2\/pages\/15\/revisions\/124"}],"wp:attachment":[{"href":"http:\/\/www.samurayhastabakicilik.com\/index.php\/wp-json\/wp\/v2\/media?parent=15"}],"curies":[{"name":"wp","href":"https:\/\/api.w.org\/{rel}","templated":true}]}}